{"id":1324,"date":"2023-05-06T19:48:52","date_gmt":"2023-05-06T19:48:52","guid":{"rendered":"https:\/\/www.jozefverhoeven.nl\/\/?page_id=1324"},"modified":"2023-07-20T04:53:49","modified_gmt":"2023-07-20T04:53:49","slug":"over-ons","status":"publish","type":"page","link":"https:\/\/www.jozefverhoeven.nl\/de\/over-ons\/","title":{"rendered":"\u00dcber uns"},"content":{"rendered":"\t\t<div data-elementor-type=\"wp-page\" data-elementor-id=\"1324\" class=\"elementor elementor-1324\">\n\t\t\t\t\t\t<section class=\"elementor-section elementor-top-section elementor-element elementor-element-6b98eae elementor-section-boxed elementor-section-height-default elementor-section-height-default\" data-id=\"6b98eae\" data-element_type=\"section\" data-e-type=\"section\">\n\t\t\t\t\t\t<div class=\"elementor-container elementor-column-gap-default\">\n\t\t\t\t\t<div class=\"elementor-column elementor-col-50 elementor-top-column elementor-element elementor-element-a827bce\" data-id=\"a827bce\" data-element_type=\"column\" data-e-type=\"column\">\n\t\t\t<div class=\"elementor-widget-wrap elementor-element-populated\">\n\t\t\t\t\t\t<div class=\"elementor-element elementor-element-fcdf700 tx-hd-align-left elementor-widget elementor-widget-avas-heading\" data-id=\"fcdf700\" data-element_type=\"widget\" data-e-type=\"widget\" data-widget_type=\"avas-heading.default\">\n\t\t\t\t<div class=\"elementor-widget-container\">\n\t\t\t\t\t        <div class=\"tx-hd-wrap\">\n\n            <div class=\"tx-hd-wm\"><\/div>\n\n            \n            <div class=\"tx-hd-sub\"><\/div>\n                        <h2 class=\"tx-hd-title\">\n                <span class=\"tx-hd-first-part\">\u00dcBER UNS<\/span>\n                <span class=\"tx-hd-last-part\"><\/span>\n            <\/h2>    \n            \n            <div class=\"tx-hd-desc\"><p style=\"font-weight: 400\">Jozef Verhoeven Metallrecycling ist ein bekannter und renommierter Name im Metallhandel. Unser Familienunternehmen besteht seit mehr als 50 Jahren und hat sich auf das Trennen, Schneiden, Reduzieren und Sortieren aller <strong>Eisen- und Nichteisenmetalle<\/strong> stark weiterentwickelt.<\/p><p style=\"font-weight: 400\">Darauf sind wir stolz und machen Jozef Verhoeven Metallrecycling zu einem zuverl\u00e4ssigen Partner bei der Entsorgung, Verarbeitung und Sammlung von (fast) allen Metallabf\u00e4llen.<\/p><p id=\"tw-target-text\" class=\"tw-data-text tw-text-large tw-ta\" dir=\"ltr\" data-placeholder=\"Vertaling\"><span class=\"Y2IQFc\" lang=\"de\">Auch im Bereich Demontage \u2013 R\u00fcckbau und Abbruch von Betrieben und Geb\u00e4uden \u2013 verf\u00fcgen wir \u00fcber Expertise.<\/span><\/p><\/div>\n\n\n                   \n        <\/div><!-- tx-hd-wrap -->\n\n\n\n\n\n\n\n\n\t\t\t\t<\/div>\n\t\t\t\t<\/div>\n\t\t\t\t\t<\/div>\n\t\t<\/div>\n\t\t\t\t<div class=\"elementor-column elementor-col-50 elementor-top-column elementor-element elementor-element-8e94325\" data-id=\"8e94325\" data-element_type=\"column\" data-e-type=\"column\">\n\t\t\t<div class=\"elementor-widget-wrap elementor-element-populated\">\n\t\t\t\t\t\t<div class=\"elementor-element elementor-element-d784bb7 elementor-widget elementor-widget-image\" data-id=\"d784bb7\" data-element_type=\"widget\" data-e-type=\"widget\" data-widget_type=\"image.default\">\n\t\t\t\t<div class=\"elementor-widget-container\">\n\t\t\t\t\t\t\t\t\t\t\t\t\t\t\t<img fetchpriority=\"high\" decoding=\"async\" width=\"1024\" height=\"961\" src=\"https:\/\/www.jozefverhoeven.nl\/wp-content\/uploads\/2023\/06\/50-Jaar-Dhr-Verhoeven-1024x961.png\" class=\"attachment-large size-large wp-image-853\" alt=\"\" srcset=\"https:\/\/www.jozefverhoeven.nl\/wp-content\/uploads\/2023\/06\/50-Jaar-Dhr-Verhoeven-1024x961.png 1024w, https:\/\/www.jozefverhoeven.nl\/wp-content\/uploads\/2023\/06\/50-Jaar-Dhr-Verhoeven-300x282.png 300w, https:\/\/www.jozefverhoeven.nl\/wp-content\/uploads\/2023\/06\/50-Jaar-Dhr-Verhoeven-768x721.png 768w, https:\/\/www.jozefverhoeven.nl\/wp-content\/uploads\/2023\/06\/50-Jaar-Dhr-Verhoeven-1536x1442.png 1536w, https:\/\/www.jozefverhoeven.nl\/wp-content\/uploads\/2023\/06\/50-Jaar-Dhr-Verhoeven-2048x1923.png 2048w, https:\/\/www.jozefverhoeven.nl\/wp-content\/uploads\/2023\/06\/50-Jaar-Dhr-Verhoeven-1363x1280.png 1363w, https:\/\/www.jozefverhoeven.nl\/wp-content\/uploads\/2023\/06\/50-Jaar-Dhr-Verhoeven-360x338.png 360w, https:\/\/www.jozefverhoeven.nl\/wp-content\/uploads\/2023\/06\/50-Jaar-Dhr-Verhoeven-373x350.png 373w, https:\/\/www.jozefverhoeven.nl\/wp-content\/uploads\/2023\/06\/50-Jaar-Dhr-Verhoeven-80x75.png 80w, https:\/\/www.jozefverhoeven.nl\/wp-content\/uploads\/2023\/06\/50-Jaar-Dhr-Verhoeven-620x582.png 620w, https:\/\/www.jozefverhoeven.nl\/wp-content\/uploads\/2023\/06\/50-Jaar-Dhr-Verhoeven-460x432.png 460w, https:\/\/www.jozefverhoeven.nl\/wp-content\/uploads\/2023\/06\/50-Jaar-Dhr-Verhoeven-365x343.png 365w\" sizes=\"(max-width: 1024px) 100vw, 1024px\" \/>\t\t\t\t\t\t\t\t\t\t\t\t\t\t\t<\/div>\n\t\t\t\t<\/div>\n\t\t\t\t\t<\/div>\n\t\t<\/div>\n\t\t\t\t\t<\/div>\n\t\t<\/section>\n\t\t\t\t<section class=\"elementor-section elementor-top-section elementor-element elementor-element-18813da elementor-section-stretched elementor-section-full_width elementor-section-height-default elementor-section-height-default\" data-id=\"18813da\" data-element_type=\"section\" data-e-type=\"section\" data-settings=\"{&quot;stretch_section&quot;:&quot;section-stretched&quot;,&quot;background_background&quot;:&quot;slideshow&quot;,&quot;background_slideshow_gallery&quot;:[],&quot;background_slideshow_loop&quot;:&quot;yes&quot;,&quot;background_slideshow_slide_duration&quot;:5000,&quot;background_slideshow_slide_transition&quot;:&quot;fade&quot;,&quot;background_slideshow_transition_duration&quot;:500}\">\n\t\t\t\t\t\t<div class=\"elementor-container elementor-column-gap-default\">\n\t\t\t\t\t<div class=\"elementor-column elementor-col-50 elementor-top-column elementor-element elementor-element-e2f1e1a elementor-invisible\" data-id=\"e2f1e1a\" data-element_type=\"column\" data-e-type=\"column\" data-settings=\"{&quot;animation&quot;:&quot;fadeInLeft&quot;}\">\n\t\t\t<div class=\"elementor-widget-wrap elementor-element-populated\">\n\t\t\t\t\t\t<div class=\"elementor-element elementor-element-4bb4038 elementor-invisible elementor-widget elementor-widget-image\" data-id=\"4bb4038\" data-element_type=\"widget\" data-e-type=\"widget\" data-settings=\"{&quot;_animation&quot;:&quot;fadeIn&quot;}\" data-widget_type=\"image.default\">\n\t\t\t\t<div class=\"elementor-widget-container\">\n\t\t\t\t\t\t\t\t\t\t\t\t\t\t\t<img decoding=\"async\" width=\"1200\" height=\"800\" src=\"https:\/\/www.jozefverhoeven.nl\/wp-content\/uploads\/2023\/06\/IMG_7970.jpg\" class=\"attachment-full size-full wp-image-947\" alt=\"\" srcset=\"https:\/\/www.jozefverhoeven.nl\/wp-content\/uploads\/2023\/06\/IMG_7970.jpg 1200w, https:\/\/www.jozefverhoeven.nl\/wp-content\/uploads\/2023\/06\/IMG_7970-300x200.jpg 300w, https:\/\/www.jozefverhoeven.nl\/wp-content\/uploads\/2023\/06\/IMG_7970-1024x683.jpg 1024w, https:\/\/www.jozefverhoeven.nl\/wp-content\/uploads\/2023\/06\/IMG_7970-768x512.jpg 768w, https:\/\/www.jozefverhoeven.nl\/wp-content\/uploads\/2023\/06\/IMG_7970-150x100.jpg 150w, https:\/\/www.jozefverhoeven.nl\/wp-content\/uploads\/2023\/06\/IMG_7970-360x240.jpg 360w, https:\/\/www.jozefverhoeven.nl\/wp-content\/uploads\/2023\/06\/IMG_7970-373x249.jpg 373w, https:\/\/www.jozefverhoeven.nl\/wp-content\/uploads\/2023\/06\/IMG_7970-80x53.jpg 80w, https:\/\/www.jozefverhoeven.nl\/wp-content\/uploads\/2023\/06\/IMG_7970-620x413.jpg 620w, https:\/\/www.jozefverhoeven.nl\/wp-content\/uploads\/2023\/06\/IMG_7970-460x307.jpg 460w, https:\/\/www.jozefverhoeven.nl\/wp-content\/uploads\/2023\/06\/IMG_7970-365x243.jpg 365w\" sizes=\"(max-width: 1200px) 100vw, 1200px\" \/>\t\t\t\t\t\t\t\t\t\t\t\t\t\t\t<\/div>\n\t\t\t\t<\/div>\n\t\t\t\t\t<\/div>\n\t\t<\/div>\n\t\t\t\t<div class=\"elementor-column elementor-col-50 elementor-top-column elementor-element elementor-element-e88a2ed\" data-id=\"e88a2ed\" data-element_type=\"column\" data-e-type=\"column\" data-settings=\"{&quot;background_background&quot;:&quot;gradient&quot;,&quot;animation&quot;:&quot;none&quot;}\">\n\t\t\t<div class=\"elementor-widget-wrap elementor-element-populated\">\n\t\t\t\t\t\t<section class=\"elementor-section elementor-inner-section elementor-element elementor-element-d9e9d3e elementor-section-boxed elementor-section-height-default elementor-section-height-default elementor-invisible\" data-id=\"d9e9d3e\" data-element_type=\"section\" data-e-type=\"section\" data-settings=\"{&quot;animation&quot;:&quot;fadeInRight&quot;}\">\n\t\t\t\t\t\t<div class=\"elementor-container elementor-column-gap-default\">\n\t\t\t\t\t<div class=\"elementor-column elementor-col-50 elementor-inner-column elementor-element elementor-element-32992bb\" data-id=\"32992bb\" data-element_type=\"column\" data-e-type=\"column\">\n\t\t\t<div class=\"elementor-widget-wrap elementor-element-populated\">\n\t\t\t\t\t\t<div class=\"elementor-element elementor-element-6183667 elementor-widget elementor-widget-avas-icon-box\" data-id=\"6183667\" data-element_type=\"widget\" data-e-type=\"widget\" data-widget_type=\"avas-icon-box.default\">\n\t\t\t\t<div class=\"elementor-widget-container\">\n\t\t\t\t\t\t\n\t\t<div class=\"tx-icon-box-wrap style-2 left\">\n\n\t\t\t<div class=\"tx-icon-box-icon\">\n\t\t\t\t<i aria-hidden=\"true\" class=\"fas fa-check-double\"><\/i>\n\t\t\t\t\n\t\t\t<\/div><!-- tx-icon-box-icon -->\n\n\t\t\t<div class=\"tx-icon-box-content-wrap\">\n\n\t\t\t\t\t\t\t\t\t\t\t\t<h4 class=\"tx-icon-box-title\">\n\t\t\t\tSOWOHL GRO\u00df ALS AUCH KLEIN\t\t\t\t<\/h4>\n\t\t\t\t\t\t\t\t\n\t\t\t\t<div class=\"tx-icon-box-desc\"><p id=\"tw-target-text\" class=\"tw-data-text tw-text-large tw-ta\" dir=\"ltr\" data-placeholder=\"Vertaling\"><span class=\"Y2IQFc\" lang=\"de\">Sowohl gro\u00dfe als auch kleine Unternehmen k\u00f6nnen zu uns kommen. Durch Selbstanlieferung oder durch Bereitstellung von Containern durch uns.<\/span><\/p><\/div>\n\t\t\t\t\t\t\t<\/div><!-- tx-icon-box-content-wrap -->\n\n\t\t<\/div><!-- tx-icon-box-wrap -->\n\n\t\t\t\t<\/div>\n\t\t\t\t<\/div>\n\t\t\t\t<div class=\"elementor-element elementor-element-48f6a48 elementor-widget elementor-widget-avas-icon-box\" data-id=\"48f6a48\" data-element_type=\"widget\" data-e-type=\"widget\" data-widget_type=\"avas-icon-box.default\">\n\t\t\t\t<div class=\"elementor-widget-container\">\n\t\t\t\t\t\t\n\t\t<div class=\"tx-icon-box-wrap style-2 left\">\n\n\t\t\t<div class=\"tx-icon-box-icon\">\n\t\t\t\t<i aria-hidden=\"true\" class=\"fas fa-chalkboard-teacher\"><\/i>\n\t\t\t\t\n\t\t\t<\/div><!-- tx-icon-box-icon -->\n\n\t\t\t<div class=\"tx-icon-box-content-wrap\">\n\n\t\t\t\t\t\t\t\t\t\t\t\t<h4 class=\"tx-icon-box-title\">\n\t\t\t\tFACHBERATUNG\t\t\t\t<\/h4>\n\t\t\t\t\t\t\t\t\n\t\t\t\t<div class=\"tx-icon-box-desc\"><p id=\"tw-target-text\" class=\"tw-data-text tw-text-large tw-ta\" dir=\"ltr\" data-placeholder=\"Vertaling\"><span class=\"Y2IQFc\" lang=\"de\">Durch den direkten und pers\u00f6nlichen Kontakt erhalten Sie eine kompetente Umwelt- und Sammelberatung.<\/span><\/p><\/div>\n\t\t\t\t\t\t\t<\/div><!-- tx-icon-box-content-wrap -->\n\n\t\t<\/div><!-- tx-icon-box-wrap -->\n\n\t\t\t\t<\/div>\n\t\t\t\t<\/div>\n\t\t\t\t<div class=\"elementor-element elementor-element-0f01d6c elementor-widget elementor-widget-avas-icon-box\" data-id=\"0f01d6c\" data-element_type=\"widget\" data-e-type=\"widget\" data-widget_type=\"avas-icon-box.default\">\n\t\t\t\t<div class=\"elementor-widget-container\">\n\t\t\t\t\t\t\n\t\t<div class=\"tx-icon-box-wrap style-2 left\">\n\n\t\t\t<div class=\"tx-icon-box-icon\">\n\t\t\t\t<i aria-hidden=\"true\" class=\"fas fa-leaf\"><\/i>\n\t\t\t\t\n\t\t\t<\/div><!-- tx-icon-box-icon -->\n\n\t\t\t<div class=\"tx-icon-box-content-wrap\">\n\n\t\t\t\t\t\t\t\t\t\t\t\t<h4 class=\"tx-icon-box-title\">\n\t\t\t\tH\u00d6CHSTE UMWELTANFORDERUNGEN\t\t\t\t<\/h4>\n\t\t\t\t\t\t\t\t\n\t\t\t\t<div class=\"tx-icon-box-desc\"><p>Unsere gesamten Lager- und Hallen erf\u00fcllen mit fl\u00fcssigkeitsdichten B\u00f6den und kombinierten Schlamm-\/\u00d6l- und Benzinabscheidern h\u00f6chste Umweltanforderungen.<\/p><\/div>\n\t\t\t\t\t\t\t<\/div><!-- tx-icon-box-content-wrap -->\n\n\t\t<\/div><!-- tx-icon-box-wrap -->\n\n\t\t\t\t<\/div>\n\t\t\t\t<\/div>\n\t\t\t\t\t<\/div>\n\t\t<\/div>\n\t\t\t\t<div class=\"elementor-column elementor-col-50 elementor-inner-column elementor-element elementor-element-0d7caa0\" data-id=\"0d7caa0\" data-element_type=\"column\" data-e-type=\"column\">\n\t\t\t<div class=\"elementor-widget-wrap\">\n\t\t\t\t\t\t\t<\/div>\n\t\t<\/div>\n\t\t\t\t\t<\/div>\n\t\t<\/section>\n\t\t\t\t\t<\/div>\n\t\t<\/div>\n\t\t\t\t\t<\/div>\n\t\t<\/section>\n\t\t\t\t<section class=\"elementor-section elementor-top-section elementor-element elementor-element-00df237 elementor-section-stretched elementor-section-boxed elementor-section-height-default elementor-section-height-default\" data-id=\"00df237\" data-element_type=\"section\" data-e-type=\"section\" data-settings=\"{&quot;stretch_section&quot;:&quot;section-stretched&quot;,&quot;background_background&quot;:&quot;classic&quot;}\">\n\t\t\t\t\t\t<div class=\"elementor-container elementor-column-gap-default\">\n\t\t\t\t\t<div class=\"elementor-column elementor-col-33 elementor-top-column elementor-element elementor-element-397f313 elementor-invisible\" data-id=\"397f313\" data-element_type=\"column\" data-e-type=\"column\" data-settings=\"{&quot;animation&quot;:&quot;fadeInLeft&quot;}\">\n\t\t\t<div class=\"elementor-widget-wrap elementor-element-populated\">\n\t\t\t\t\t\t<div class=\"elementor-element elementor-element-813fd41 tx-hd-align-left elementor-widget elementor-widget-avas-heading\" data-id=\"813fd41\" data-element_type=\"widget\" data-e-type=\"widget\" data-widget_type=\"avas-heading.default\">\n\t\t\t\t<div class=\"elementor-widget-container\">\n\t\t\t\t\t        <div class=\"tx-hd-wrap\">\n\n            <div class=\"tx-hd-wm\"><\/div>\n\n            \n            <div class=\"tx-hd-sub\"><\/div>\n                        <h2 class=\"tx-hd-title\">\n                <span class=\"tx-hd-first-part\"> SOZIAL VERANTWORTLICH<\/span>\n                <span class=\"tx-hd-last-part\"><\/span>\n            <\/h2>    \n            \n            <div class=\"tx-hd-desc\"><p id=\"tw-target-text\" class=\"tw-data-text tw-text-large tw-ta\" dir=\"ltr\" data-placeholder=\"Vertaling\"><span class=\"Y2IQFc\" lang=\"de\">Durch den direkten und pers\u00f6nlichen Kontakt erhalten Sie eine kompetente Umwelt- und Sammelberatung. <\/span><\/p><p class=\"tw-data-text tw-text-large tw-ta\" dir=\"ltr\" data-placeholder=\"Vertaling\"><span class=\"Y2IQFc\" lang=\"de\">Wir m\u00f6chten bei der Corporate Social Responsibility helfen, was auch sozial verantwortliches Recycling bedeutet.<\/span><\/p><p class=\"tw-data-text tw-text-large tw-ta\" dir=\"ltr\" data-placeholder=\"Vertaling\"><span class=\"Y2IQFc\" lang=\"de\">Schrott und Altmetall sind wertvolle Sekund\u00e4rrohstoffe, allerdings nur, wenn sie ordnungsgem\u00e4\u00df sortiert, klassifiziert und vorverarbeitet werden.<\/span><\/p><p class=\"tw-data-text tw-text-large tw-ta\" dir=\"ltr\" data-placeholder=\"Vertaling\"><span class=\"Y2IQFc\" lang=\"de\">Gemeinsam mit unseren begeisterten Mitarbeitern arbeiten wir hart an einer Welt, wie sie gedacht ist. <strong>Ressourcenschonung durch Recycling<\/strong>, damit auch zuk\u00fcnftige Generationen diese Welt weiterhin genie\u00dfen k\u00f6nnen.<\/span><\/p><\/div>\n\n\n                   \n        <\/div><!-- tx-hd-wrap -->\n\n\n\n\n\n\n\n\n\t\t\t\t<\/div>\n\t\t\t\t<\/div>\n\t\t\t\t\t<\/div>\n\t\t<\/div>\n\t\t\t\t<div class=\"elementor-column elementor-col-33 elementor-top-column elementor-element elementor-element-e3deaef\" data-id=\"e3deaef\" data-element_type=\"column\" data-e-type=\"column\">\n\t\t\t<div class=\"elementor-widget-wrap\">\n\t\t\t\t\t\t\t<\/div>\n\t\t<\/div>\n\t\t\t\t<div class=\"elementor-column elementor-col-33 elementor-top-column elementor-element elementor-element-d28ee8f\" data-id=\"d28ee8f\" data-element_type=\"column\" data-e-type=\"column\">\n\t\t\t<div class=\"elementor-widget-wrap elementor-element-populated\">\n\t\t\t\t\t\t<div class=\"elementor-element elementor-element-115651d elementor-invisible elementor-widget elementor-widget-image\" data-id=\"115651d\" data-element_type=\"widget\" data-e-type=\"widget\" data-settings=\"{&quot;_animation&quot;:&quot;fadeInRight&quot;}\" data-widget_type=\"image.default\">\n\t\t\t\t<div class=\"elementor-widget-container\">\n\t\t\t\t\t\t\t\t\t\t\t\t\t\t\t<img decoding=\"async\" width=\"1500\" height=\"1500\" src=\"https:\/\/www.jozefverhoeven.nl\/wp-content\/uploads\/2023\/05\/green.jpg\" class=\"attachment-full size-full wp-image-458\" alt=\"\" srcset=\"https:\/\/www.jozefverhoeven.nl\/wp-content\/uploads\/2023\/05\/green.jpg 1500w, https:\/\/www.jozefverhoeven.nl\/wp-content\/uploads\/2023\/05\/green-300x300.jpg 300w, https:\/\/www.jozefverhoeven.nl\/wp-content\/uploads\/2023\/05\/green-1024x1024.jpg 1024w, https:\/\/www.jozefverhoeven.nl\/wp-content\/uploads\/2023\/05\/green-150x150.jpg 150w, https:\/\/www.jozefverhoeven.nl\/wp-content\/uploads\/2023\/05\/green-768x768.jpg 768w, https:\/\/www.jozefverhoeven.nl\/wp-content\/uploads\/2023\/05\/green-1280x1280.jpg 1280w, https:\/\/www.jozefverhoeven.nl\/wp-content\/uploads\/2023\/05\/green-525x525.jpg 525w, https:\/\/www.jozefverhoeven.nl\/wp-content\/uploads\/2023\/05\/green-360x360.jpg 360w, https:\/\/www.jozefverhoeven.nl\/wp-content\/uploads\/2023\/05\/green-373x373.jpg 373w, https:\/\/www.jozefverhoeven.nl\/wp-content\/uploads\/2023\/05\/green-80x80.jpg 80w, https:\/\/www.jozefverhoeven.nl\/wp-content\/uploads\/2023\/05\/green-620x620.jpg 620w, https:\/\/www.jozefverhoeven.nl\/wp-content\/uploads\/2023\/05\/green-460x460.jpg 460w, https:\/\/www.jozefverhoeven.nl\/wp-content\/uploads\/2023\/05\/green-365x365.jpg 365w\" sizes=\"(max-width: 1500px) 100vw, 1500px\" \/>\t\t\t\t\t\t\t\t\t\t\t\t\t\t\t<\/div>\n\t\t\t\t<\/div>\n\t\t\t\t\t<\/div>\n\t\t<\/div>\n\t\t\t\t\t<\/div>\n\t\t<\/section>\n\t\t\t\t<\/div>\n\t\t","protected":false},"excerpt":{"rendered":"<p class=\"tx-excerpt\">\u00dcBER UNS Jozef Verhoeven Metallrecycling ist ein bekannter und renommierter Name im Metallhandel. Unser Familienunternehmen besteht seit mehr als 50 Jahren und hat sich auf das Trennen, Schneiden, Reduzieren und Sortieren aller Eisen- und Nichteisenmetalle...<\/p>","protected":false},"author":2,"featured_media":0,"parent":0,"menu_order":0,"comment_status":"closed","ping_status":"closed","template":"","meta":{"footnotes":""},"class_list":["post-1324","page","type-page","status-publish","hentry"],"_links":{"self":[{"href":"https:\/\/www.jozefverhoeven.nl\/de\/wp-json\/wp\/v2\/pages\/1324","targetHints":{"allow":["GET"]}}],"collection":[{"href":"https:\/\/www.jozefverhoeven.nl\/de\/wp-json\/wp\/v2\/pages"}],"about":[{"href":"https:\/\/www.jozefverhoeven.nl\/de\/wp-json\/wp\/v2\/types\/page"}],"author":[{"embeddable":true,"href":"https:\/\/www.jozefverhoeven.nl\/de\/wp-json\/wp\/v2\/users\/2"}],"replies":[{"embeddable":true,"href":"https:\/\/www.jozefverhoeven.nl\/de\/wp-json\/wp\/v2\/comments?post=1324"}],"version-history":[{"count":5,"href":"https:\/\/www.jozefverhoeven.nl\/de\/wp-json\/wp\/v2\/pages\/1324\/revisions"}],"predecessor-version":[{"id":1722,"href":"https:\/\/www.jozefverhoeven.nl\/de\/wp-json\/wp\/v2\/pages\/1324\/revisions\/1722"}],"wp:attachment":[{"href":"https:\/\/www.jozefverhoeven.nl\/de\/wp-json\/wp\/v2\/media?parent=1324"}],"curies":[{"name":"wp","href":"https:\/\/api.w.org\/{rel}","templated":true}]}}